{"id":37,"date":"2024-07-31T10:49:20","date_gmt":"2024-07-31T08:49:20","guid":{"rendered":"https:\/\/salitredigital.com\/?page_id=37"},"modified":"2024-08-29T15:53:57","modified_gmt":"2024-08-29T13:53:57","slug":"aviso-legal","status":"publish","type":"page","link":"https:\/\/salitredigital.com\/en\/aviso-legal\/","title":{"rendered":"Legal notice"},"content":{"rendered":"<div data-elementor-type=\"wp-page\" data-elementor-id=\"37\" class=\"elementor elementor-37\" data-elementor-post-type=\"page\">\n\t\t\t\t<div class=\"elementor-element elementor-element-0bfd886 e-flex e-con-boxed e-con e-parent\" data-id=\"0bfd886\" data-element_type=\"container\" data-e-type=\"container\">\n\t\t\t\t\t<div class=\"e-con-inner\">\n\t\t\t\t<div class=\"elementor-element elementor-element-4d928e0 elementor-widget elementor-widget-heading\" data-id=\"4d928e0\" data-element_type=\"widget\" data-e-type=\"widget\" data-widget_type=\"heading.default\">\n\t\t\t\t<div class=\"elementor-widget-container\">\n\t\t\t\t\t<h2 class=\"elementor-heading-title elementor-size-default\">LEGAL NOTICE AND GENERAL CONDITIONS OF USE\n<\/h2>\t\t\t\t<\/div>\n\t\t\t\t<\/div>\n\t\t\t\t<div class=\"elementor-element elementor-element-72c6666 elementor-widget elementor-widget-text-editor\" data-id=\"72c6666\" data-element_type=\"widget\" data-e-type=\"widget\" data-widget_type=\"text-editor.default\">\n\t\t\t\t<div class=\"elementor-widget-container\">\n\t\t\t\t\t\t\t\t\t<p>https:\/\/www.salitredigital.com<br \/>I. GENERAL INFORMATION<\/p>\t\t\t\t\t\t\t\t<\/div>\n\t\t\t\t<\/div>\n\t\t\t\t<div class=\"elementor-element elementor-element-29f78e2 elementor-widget elementor-widget-text-editor\" data-id=\"29f78e2\" data-element_type=\"widget\" data-e-type=\"widget\" data-widget_type=\"text-editor.default\">\n\t\t\t\t<div class=\"elementor-widget-container\">\n\t\t\t\t\t\t\t\t\t<p>In compliance with the duty of information provided in Law 34\/2002 on Information Society Services and Electronic Commerce (LSSI-CE) of July 11, the following general information about this website is provided below:<\/p><p>The ownership of this website, https:\/\/www.salitredigital.com, (hereinafter, Website) is held by: Auxi Mart\u00edn S\u00e1nchez, with NIF: 764444483G, and whose contact details are:<\/p><p>Contact phone number: 629442616<\/p><p>Contact email: hola@salitredigital.es<\/p>\t\t\t\t\t\t\t\t<\/div>\n\t\t\t\t<\/div>\n\t\t\t\t<div class=\"elementor-element elementor-element-ee8c3b6 elementor-widget elementor-widget-text-editor\" data-id=\"ee8c3b6\" data-element_type=\"widget\" data-e-type=\"widget\" data-widget_type=\"text-editor.default\">\n\t\t\t\t<div class=\"elementor-widget-container\">\n\t\t\t\t\t\t\t\t\t<p>II. GENERAL TERMS AND CONDITIONS OF USE<br \/>The object of the conditions: The Website<\/p>\t\t\t\t\t\t\t\t<\/div>\n\t\t\t\t<\/div>\n\t\t\t\t<div class=\"elementor-element elementor-element-b8bb26f elementor-widget elementor-widget-text-editor\" data-id=\"b8bb26f\" data-element_type=\"widget\" data-e-type=\"widget\" data-widget_type=\"text-editor.default\">\n\t\t\t\t<div class=\"elementor-widget-container\">\n\t\t\t\t\t\t\t\t\t<p>The purpose of these General Conditions of Use (hereinafter, Conditions) is to regulate access to and use of the Website. For the purposes of these Conditions, the Website shall be understood as: the external appearance of the screen interfaces, both statically and dynamically, that is, the navigation tree; and all the elements integrated both in the screen interfaces and in the navigation tree (hereinafter, Contents) and all those services or online resources that it may offer to Users (hereinafter, Services).<\/p><p>SALITRE DIGITAL reserves the right to modify, at any time and without prior notice, the presentation and configuration of the Website and the Contents and Services that may be incorporated therein. The User acknowledges and accepts that SALITRE DIGITAL may at any time interrupt, deactivate and\/or cancel any of these elements that are integrated into the Website or access to them.<\/p>\t\t\t\t\t\t\t\t<\/div>\n\t\t\t\t<\/div>\n\t\t\t\t<div class=\"elementor-element elementor-element-019a74a elementor-widget elementor-widget-text-editor\" data-id=\"019a74a\" data-element_type=\"widget\" data-e-type=\"widget\" data-widget_type=\"text-editor.default\">\n\t\t\t\t<div class=\"elementor-widget-container\">\n\t\t\t\t\t\t\t\t\t<p>The User<\/p>\t\t\t\t\t\t\t\t<\/div>\n\t\t\t\t<\/div>\n\t\t\t\t<div class=\"elementor-element elementor-element-8c6a026 elementor-widget elementor-widget-text-editor\" data-id=\"8c6a026\" data-element_type=\"widget\" data-e-type=\"widget\" data-widget_type=\"text-editor.default\">\n\t\t\t\t<div class=\"elementor-widget-container\">\n\t\t\t\t\t\t\t\t\t<p>Access, navigation and use of the Website confers the status of User, and therefore, from the moment you begin browsing the Website, you accept all the Conditions established herein, as well as any subsequent modifications, without prejudice to the application of the corresponding legal regulations of obligatory compliance as the case may be. Given the relevance of the above, the User is recommended to read them each time they visit the Website.<\/p><p>The SALITRE DIGITAL Website provides a wide variety of information, services and data. The User assumes responsibility for making correct use of the Website. This responsibility shall extend to:<\/p><ul><li>Use of the information, Content and\/or Services and data offered by SALITRE DIGITAL that is not contrary to the provisions of these Conditions, the Law, morality or public order, or that in any other way may result in injury to the rights of third parties or the operation of the Website itself.<\/li><li>The veracity and legality of the information provided by the User in the forms provided by SALITRE DIGITAL for access to certain Content or Services offered by the Website. In any case, the User will immediately notify SALITRE DIGITAL of any event that allows the improper use of the information recorded in said forms, such as, but not limited to, theft, loss, or unauthorized access to identifiers and\/or passwords, in order to proceed with their immediate cancellation.<\/li><\/ul><p>Mere access to this Website does not imply establishing any type of commercial relationship between SALITRE DIGITAL and the User.<\/p>\t\t\t\t\t\t\t\t<\/div>\n\t\t\t\t<\/div>\n\t\t\t\t<div class=\"elementor-element elementor-element-2fa0f94 elementor-widget elementor-widget-text-editor\" data-id=\"2fa0f94\" data-element_type=\"widget\" data-e-type=\"widget\" data-widget_type=\"text-editor.default\">\n\t\t\t\t<div class=\"elementor-widget-container\">\n\t\t\t\t\t\t\t\t\t<p>III. ACCESS AND NAVIGATION ON THE WEBSITE: EXCLUSION OF WARRANTIES AND LIABILITY<\/p>\t\t\t\t\t\t\t\t<\/div>\n\t\t\t\t<\/div>\n\t\t\t\t<div class=\"elementor-element elementor-element-befec03 elementor-widget elementor-widget-text-editor\" data-id=\"befec03\" data-element_type=\"widget\" data-e-type=\"widget\" data-widget_type=\"text-editor.default\">\n\t\t\t\t<div class=\"elementor-widget-container\">\n\t\t\t\t\t\t\t\t\t<p>SALITRE DIGITAL does not guarantee the continuity, availability and usefulness of the Website, nor of the Contents or Services. SALITRE DIGITAL will do everything possible to ensure the proper functioning of the Website, however, it is not responsible for and does not guarantee that access to this Website will not be interrupted or error-free.<\/p><p>SALITRE DIGITAL is not responsible or guarantees that the content or software that can be accessed through this Website is error-free or causes damage to the User&#039;s computer system (software and hardware). In no case will SALITRE DIGITAL be responsible for losses, damages or losses of any kind that arise from access, navigation and use of the Website, including, but not limited to, those caused to computer systems or those caused by the introduction of viruses.<\/p><p>SALITRE DIGITAL is not responsible for any damage that may be caused to users due to inappropriate use of this Website. In particular, it is not responsible in any way for any failures, interruptions, lack or defect in telecommunications that may occur.<\/p>\t\t\t\t\t\t\t\t<\/div>\n\t\t\t\t<\/div>\n\t\t\t\t<div class=\"elementor-element elementor-element-745835c elementor-widget elementor-widget-text-editor\" data-id=\"745835c\" data-element_type=\"widget\" data-e-type=\"widget\" data-widget_type=\"text-editor.default\">\n\t\t\t\t<div class=\"elementor-widget-container\">\n\t\t\t\t\t\t\t\t\t<p>IV. LINK POLICY<\/p>\t\t\t\t\t\t\t\t<\/div>\n\t\t\t\t<\/div>\n\t\t\t\t<div class=\"elementor-element elementor-element-690ad74 elementor-widget elementor-widget-text-editor\" data-id=\"690ad74\" data-element_type=\"widget\" data-e-type=\"widget\" data-widget_type=\"text-editor.default\">\n\t\t\t\t<div class=\"elementor-widget-container\">\n\t\t\t\t\t\t\t\t\t<p>SALITRE DIGITAL does not offer or market, either itself or through third parties, the products and\/or services available on said linked sites.<\/p><p>The User or third party who creates a hyperlink from a web page of another, different, website to the SALITRE DIGITAL Website must know that:<\/p><p>Reproduction, in whole or in part, of any of the Contents and\/or Services of the Website is not permitted without the express authorization of SALITRE DIGITAL.<\/p><p>Any false, inaccurate or incorrect statement regarding the SALITRE DIGITAL Website, or its Contents and\/or Services, is also not permitted.<\/p><p>With the exception of the hyperlink, the website on which said hyperlink is established will not contain any element of this Website protected as intellectual property by the Spanish legal system, unless expressly authorized by SALITRE DIGITAL.<\/p><p>The establishment of the hyperlink will not imply the existence of relations between SALITRE DIGITAL and the owner of the website from which it is made, nor the knowledge and acceptance by SALITRE DIGITAL of the contents, services and\/or activities offered on said website, and vice versa.<\/p>\t\t\t\t\t\t\t\t<\/div>\n\t\t\t\t<\/div>\n\t\t\t\t<div class=\"elementor-element elementor-element-5c92ba8 elementor-widget elementor-widget-text-editor\" data-id=\"5c92ba8\" data-element_type=\"widget\" data-e-type=\"widget\" data-widget_type=\"text-editor.default\">\n\t\t\t\t<div class=\"elementor-widget-container\">\n\t\t\t\t\t\t\t\t\t<p>V. INTELLECTUAL AND INDUSTRIAL PROPERTY<\/p>\t\t\t\t\t\t\t\t<\/div>\n\t\t\t\t<\/div>\n\t\t\t\t<div class=\"elementor-element elementor-element-48e2f6f elementor-widget elementor-widget-text-editor\" data-id=\"48e2f6f\" data-element_type=\"widget\" data-e-type=\"widget\" data-widget_type=\"text-editor.default\">\n\t\t\t\t<div class=\"elementor-widget-container\">\n\t\t\t\t\t\t\t\t\t<p>SALITRE DIGITAL, by itself or as an assignee, is the owner of all intellectual and industrial property rights of the Website, as well as the elements contained therein (by way of example and not exhaustive, images, sound, audio, video, software or texts, brands or logos, colour combinations, structure and design, selection of materials used, computer programs necessary for its operation, access and use, etc.). They will therefore be works protected as intellectual property by the Spanish legal system, and both Spanish and European regulations in this field will be applicable to them, as well as international treaties relating to the matter and signed by Spain.<\/p><p>All rights reserved. Pursuant to the provisions of the Intellectual Property Law, the reproduction, distribution and public communication, including the method of making available, of all or part of the contents of this website, for commercial purposes, on any medium and by any technical means, without the authorization of SALITRE DIGITAL, is expressly prohibited.<\/p><p>The User undertakes to respect the intellectual and industrial property rights of SALITRE DIGITAL. The User may view the elements of the Website or even print, copy and store them on the hard drive of his\/her computer or any other physical medium, provided that this is exclusively for his\/her personal use. The User, however, may not delete, alter or manipulate any protection device or security system installed on the Website.<\/p><p>In the event that the User or a third party considers that any of the Contents of the Website constitutes a violation of intellectual property rights, they must immediately notify SALITRE DIGITAL through the contact details in the GENERAL INFORMATION section of this Legal Notice and General Conditions of Use.<\/p>\t\t\t\t\t\t\t\t<\/div>\n\t\t\t\t<\/div>\n\t\t\t\t<div class=\"elementor-element elementor-element-93c65b0 elementor-widget elementor-widget-text-editor\" data-id=\"93c65b0\" data-element_type=\"widget\" data-e-type=\"widget\" data-widget_type=\"text-editor.default\">\n\t\t\t\t<div class=\"elementor-widget-container\">\n\t\t\t\t\t\t\t\t\t<p>VI. LEGAL ACTIONS, APPLICABLE LEGISLATION AND JURISDICTION<\/p>\t\t\t\t\t\t\t\t<\/div>\n\t\t\t\t<\/div>\n\t\t\t\t<div class=\"elementor-element elementor-element-77df875 elementor-widget elementor-widget-text-editor\" data-id=\"77df875\" data-element_type=\"widget\" data-e-type=\"widget\" data-widget_type=\"text-editor.default\">\n\t\t\t\t<div class=\"elementor-widget-container\">\n\t\t\t\t\t\t\t\t\t<p>SALITRE DIGITAL reserves the right to take any civil or criminal action it deems necessary for improper use of the Website and Contents, or for failure to comply with these Conditions.<\/p><p>The relationship between the User and SALITRE DIGITAL shall be governed by the regulations in force and applicable in Spanish territory. If any dispute arises in relation to the interpretation and\/or application of these Conditions, the parties shall submit their conflicts to the ordinary jurisdiction, submitting to the judges and courts that correspond according to law.<\/p><p>This Legal Notice and General Conditions of Use of the website document has been created using the online legal notice and general conditions of use template generator on 07\/16\/2021.<\/p>\t\t\t\t\t\t\t\t<\/div>\n\t\t\t\t<\/div>\n\t\t\t\t\t<\/div>\n\t\t\t\t<\/div>\n\t\t\t\t<\/div>","protected":false},"excerpt":{"rendered":"<p>AVISO LEGAL Y CONDICIONES GENERALES DE USO https:\/\/www.salitredigital.comI. INFORMACI\u00d3N GENERAL En cumplimiento con el deber de informaci\u00f3n dispuesto en la Ley 34\/2002 de Servicios de la Sociedad de la Informaci\u00f3n y el Comercio Electr\u00f3nico (LSSI-CE) de 11 de julio, se facilitan a continuaci\u00f3n los siguientes datos de informaci\u00f3n general de este sitio web: La titularidad [&hellip;]<\/p>\n","protected":false},"author":2,"featured_media":0,"parent":0,"menu_order":0,"comment_status":"closed","ping_status":"closed","template":"","meta":{"footnotes":""},"class_list":["post-37","page","type-page","status-publish","hentry"],"yoast_head":"<!-- This site is optimized with the Yoast SEO plugin v27.6 - https:\/\/yoast.com\/product\/yoast-seo-wordpress\/ -->\n<title>Aviso legal - Salitre Digital<\/title>\n<meta name=\"robots\" content=\"noindex, nofollow\" \/>\n<meta property=\"og:locale\" content=\"en_GB\" \/>\n<meta property=\"og:type\" content=\"article\" \/>\n<meta property=\"og:title\" content=\"Aviso legal - Salitre Digital\" \/>\n<meta property=\"og:description\" content=\"AVISO LEGAL Y CONDICIONES GENERALES DE USO https:\/\/www.salitredigital.comI. INFORMACI\u00d3N GENERAL En cumplimiento con el deber de informaci\u00f3n dispuesto en la Ley 34\/2002 de Servicios de la Sociedad de la Informaci\u00f3n y el Comercio Electr\u00f3nico (LSSI-CE) de 11 de julio, se facilitan a continuaci\u00f3n los siguientes datos de informaci\u00f3n general de este sitio web: La titularidad [&hellip;]\" \/>\n<meta property=\"og:url\" content=\"https:\/\/salitredigital.com\/en\/aviso-legal\/\" \/>\n<meta property=\"og:site_name\" content=\"Salitre Digital\" \/>\n<meta property=\"article:modified_time\" content=\"2024-08-29T13:53:57+00:00\" \/>\n<meta name=\"twitter:card\" content=\"summary_large_image\" \/>\n<meta name=\"twitter:label1\" content=\"Estimated reading time\" \/>\n\t<meta name=\"twitter:data1\" content=\"7 minutes\" \/>\n<script type=\"application\/ld+json\" class=\"yoast-schema-graph\">{\"@context\":\"https:\\\/\\\/schema.org\",\"@graph\":[{\"@type\":\"WebPage\",\"@id\":\"https:\\\/\\\/salitredigital.com\\\/aviso-legal\\\/\",\"url\":\"https:\\\/\\\/salitredigital.com\\\/aviso-legal\\\/\",\"name\":\"Aviso legal - Salitre Digital\",\"isPartOf\":{\"@id\":\"https:\\\/\\\/salitredigital.com\\\/#website\"},\"datePublished\":\"2024-07-31T08:49:20+00:00\",\"dateModified\":\"2024-08-29T13:53:57+00:00\",\"breadcrumb\":{\"@id\":\"https:\\\/\\\/salitredigital.com\\\/aviso-legal\\\/#breadcrumb\"},\"inLanguage\":\"en-GB\",\"potentialAction\":[{\"@type\":\"ReadAction\",\"target\":[\"https:\\\/\\\/salitredigital.com\\\/aviso-legal\\\/\"]}]},{\"@type\":\"BreadcrumbList\",\"@id\":\"https:\\\/\\\/salitredigital.com\\\/aviso-legal\\\/#breadcrumb\",\"itemListElement\":[{\"@type\":\"ListItem\",\"position\":1,\"name\":\"Portada\",\"item\":\"https:\\\/\\\/salitredigital.com\\\/\"},{\"@type\":\"ListItem\",\"position\":2,\"name\":\"Aviso legal\"}]},{\"@type\":\"WebSite\",\"@id\":\"https:\\\/\\\/salitredigital.com\\\/#website\",\"url\":\"https:\\\/\\\/salitredigital.com\\\/\",\"name\":\"Salitre Digital\",\"description\":\"\",\"publisher\":{\"@id\":\"https:\\\/\\\/salitredigital.com\\\/#organization\"},\"potentialAction\":[{\"@type\":\"SearchAction\",\"target\":{\"@type\":\"EntryPoint\",\"urlTemplate\":\"https:\\\/\\\/salitredigital.com\\\/?s={search_term_string}\"},\"query-input\":{\"@type\":\"PropertyValueSpecification\",\"valueRequired\":true,\"valueName\":\"search_term_string\"}}],\"inLanguage\":\"en-GB\"},{\"@type\":\"Organization\",\"@id\":\"https:\\\/\\\/salitredigital.com\\\/#organization\",\"name\":\"Salitre Digital\",\"url\":\"https:\\\/\\\/salitredigital.com\\\/\",\"logo\":{\"@type\":\"ImageObject\",\"inLanguage\":\"en-GB\",\"@id\":\"https:\\\/\\\/salitredigital.com\\\/#\\\/schema\\\/logo\\\/image\\\/\",\"url\":\"https:\\\/\\\/salitredigital.com\\\/wp-content\\\/uploads\\\/2024\\\/07\\\/salitre-digital.svg\",\"contentUrl\":\"https:\\\/\\\/salitredigital.com\\\/wp-content\\\/uploads\\\/2024\\\/07\\\/salitre-digital.svg\",\"width\":219,\"height\":17,\"caption\":\"Salitre Digital\"},\"image\":{\"@id\":\"https:\\\/\\\/salitredigital.com\\\/#\\\/schema\\\/logo\\\/image\\\/\"}}]}<\/script>\n<!-- \/ Yoast SEO plugin. -->","yoast_head_json":{"title":"Aviso legal - Salitre Digital","robots":{"index":"noindex","follow":"nofollow"},"og_locale":"en_GB","og_type":"article","og_title":"Aviso legal - Salitre Digital","og_description":"AVISO LEGAL Y CONDICIONES GENERALES DE USO https:\/\/www.salitredigital.comI. INFORMACI\u00d3N GENERAL En cumplimiento con el deber de informaci\u00f3n dispuesto en la Ley 34\/2002 de Servicios de la Sociedad de la Informaci\u00f3n y el Comercio Electr\u00f3nico (LSSI-CE) de 11 de julio, se facilitan a continuaci\u00f3n los siguientes datos de informaci\u00f3n general de este sitio web: La titularidad [&hellip;]","og_url":"https:\/\/salitredigital.com\/en\/aviso-legal\/","og_site_name":"Salitre Digital","article_modified_time":"2024-08-29T13:53:57+00:00","twitter_card":"summary_large_image","twitter_misc":{"Estimated reading time":"7 minutes"},"schema":{"@context":"https:\/\/schema.org","@graph":[{"@type":"WebPage","@id":"https:\/\/salitredigital.com\/aviso-legal\/","url":"https:\/\/salitredigital.com\/aviso-legal\/","name":"Aviso legal - Salitre Digital","isPartOf":{"@id":"https:\/\/salitredigital.com\/#website"},"datePublished":"2024-07-31T08:49:20+00:00","dateModified":"2024-08-29T13:53:57+00:00","breadcrumb":{"@id":"https:\/\/salitredigital.com\/aviso-legal\/#breadcrumb"},"inLanguage":"en-GB","potentialAction":[{"@type":"ReadAction","target":["https:\/\/salitredigital.com\/aviso-legal\/"]}]},{"@type":"BreadcrumbList","@id":"https:\/\/salitredigital.com\/aviso-legal\/#breadcrumb","itemListElement":[{"@type":"ListItem","position":1,"name":"Portada","item":"https:\/\/salitredigital.com\/"},{"@type":"ListItem","position":2,"name":"Aviso legal"}]},{"@type":"WebSite","@id":"https:\/\/salitredigital.com\/#website","url":"https:\/\/salitredigital.com\/","name":"Salitre Digital","description":"","publisher":{"@id":"https:\/\/salitredigital.com\/#organization"},"potentialAction":[{"@type":"SearchAction","target":{"@type":"EntryPoint","urlTemplate":"https:\/\/salitredigital.com\/?s={search_term_string}"},"query-input":{"@type":"PropertyValueSpecification","valueRequired":true,"valueName":"search_term_string"}}],"inLanguage":"en-GB"},{"@type":"Organization","@id":"https:\/\/salitredigital.com\/#organization","name":"Salitre Digital","url":"https:\/\/salitredigital.com\/","logo":{"@type":"ImageObject","inLanguage":"en-GB","@id":"https:\/\/salitredigital.com\/#\/schema\/logo\/image\/","url":"https:\/\/salitredigital.com\/wp-content\/uploads\/2024\/07\/salitre-digital.svg","contentUrl":"https:\/\/salitredigital.com\/wp-content\/uploads\/2024\/07\/salitre-digital.svg","width":219,"height":17,"caption":"Salitre Digital"},"image":{"@id":"https:\/\/salitredigital.com\/#\/schema\/logo\/image\/"}}]}},"_links":{"self":[{"href":"https:\/\/salitredigital.com\/en\/wp-json\/wp\/v2\/pages\/37","targetHints":{"allow":["GET"]}}],"collection":[{"href":"https:\/\/salitredigital.com\/en\/wp-json\/wp\/v2\/pages"}],"about":[{"href":"https:\/\/salitredigital.com\/en\/wp-json\/wp\/v2\/types\/page"}],"author":[{"embeddable":true,"href":"https:\/\/salitredigital.com\/en\/wp-json\/wp\/v2\/users\/2"}],"replies":[{"embeddable":true,"href":"https:\/\/salitredigital.com\/en\/wp-json\/wp\/v2\/comments?post=37"}],"version-history":[{"count":10,"href":"https:\/\/salitredigital.com\/en\/wp-json\/wp\/v2\/pages\/37\/revisions"}],"predecessor-version":[{"id":653,"href":"https:\/\/salitredigital.com\/en\/wp-json\/wp\/v2\/pages\/37\/revisions\/653"}],"wp:attachment":[{"href":"https:\/\/salitredigital.com\/en\/wp-json\/wp\/v2\/media?parent=37"}],"curies":[{"name":"wp","href":"https:\/\/api.w.org\/{rel}","templated":true}]}}