{"id":22,"date":"2024-07-31T10:43:16","date_gmt":"2024-07-31T08:43:16","guid":{"rendered":"https:\/\/salitredigital.com\/?page_id=22"},"modified":"2024-08-28T13:04:41","modified_gmt":"2024-08-28T11:04:41","slug":"contacto","status":"publish","type":"page","link":"https:\/\/salitredigital.com\/en\/contacto\/","title":{"rendered":"Contact"},"content":{"rendered":"\t\t<div data-elementor-type=\"wp-page\" data-elementor-id=\"22\" class=\"elementor elementor-22\" data-elementor-post-type=\"page\">\n\t\t\t\t<div class=\"elementor-element elementor-element-b5bf500 e-flex e-con-boxed e-con e-parent\" data-id=\"b5bf500\" data-element_type=\"container\" data-e-type=\"container\" data-settings=\"{&quot;background_background&quot;:&quot;classic&quot;}\">\n\t\t\t\t\t<div class=\"e-con-inner\">\n\t\t\t\t<div class=\"elementor-element elementor-element-d4c88df elementor-widget__width-initial elementor-widget elementor-widget-heading\" data-id=\"d4c88df\" data-element_type=\"widget\" data-e-type=\"widget\" data-widget_type=\"heading.default\">\n\t\t\t\t<div class=\"elementor-widget-container\">\n\t\t\t\t\t<h1 class=\"elementor-heading-title elementor-size-default\">PIDE TU AUDITOR\u00cdA SEO O CONT\u00c1CTANOS PARA CUALQUIER DUDA<\/h1>\t\t\t\t<\/div>\n\t\t\t\t<\/div>\n\t\t\t\t<div class=\"elementor-element elementor-element-4229d8f elementor-widget-divider--view-line elementor-widget elementor-widget-divider\" data-id=\"4229d8f\" data-element_type=\"widget\" data-e-type=\"widget\" data-widget_type=\"divider.default\">\n\t\t\t\t<div class=\"elementor-widget-container\">\n\t\t\t\t\t\t\t<div class=\"elementor-divider\">\n\t\t\t<span class=\"elementor-divider-separator\">\n\t\t\t\t\t\t<\/span>\n\t\t<\/div>\n\t\t\t\t\t\t<\/div>\n\t\t\t\t<\/div>\n\t\t\t\t<div class=\"elementor-element elementor-element-3cc6075 e-transform elementor-widget elementor-widget-heading\" data-id=\"3cc6075\" data-element_type=\"widget\" data-e-type=\"widget\" data-settings=\"{&quot;_transform_translateX_effect_hover&quot;:{&quot;unit&quot;:&quot;px&quot;,&quot;size&quot;:10,&quot;sizes&quot;:[]},&quot;_transform_translateX_effect_hover_tablet&quot;:{&quot;unit&quot;:&quot;px&quot;,&quot;size&quot;:&quot;&quot;,&quot;sizes&quot;:[]},&quot;_transform_translateX_effect_hover_mobile&quot;:{&quot;unit&quot;:&quot;px&quot;,&quot;size&quot;:&quot;&quot;,&quot;sizes&quot;:[]},&quot;_transform_translateY_effect_hover&quot;:{&quot;unit&quot;:&quot;px&quot;,&quot;size&quot;:&quot;&quot;,&quot;sizes&quot;:[]},&quot;_transform_translateY_effect_hover_tablet&quot;:{&quot;unit&quot;:&quot;px&quot;,&quot;size&quot;:&quot;&quot;,&quot;sizes&quot;:[]},&quot;_transform_translateY_effect_hover_mobile&quot;:{&quot;unit&quot;:&quot;px&quot;,&quot;size&quot;:&quot;&quot;,&quot;sizes&quot;:[]}}\" data-widget_type=\"heading.default\">\n\t\t\t\t<div class=\"elementor-widget-container\">\n\t\t\t\t\t<h2 class=\"elementor-heading-title elementor-size-default\"><a href=\"https:\/\/api.whatsapp.com\/send?phone=34629442616&#038;text=%C2%A1Hola!%20Estoy%20interesado\/a%20en%20solicitar%20auditor\u00eda\">WHATSAPP<\/a><\/h2>\t\t\t\t<\/div>\n\t\t\t\t<\/div>\n\t\t\t\t\t<\/div>\n\t\t\t\t<\/div>\n\t\t<div class=\"elementor-element elementor-element-da636bf e-flex e-con-boxed e-con e-parent\" data-id=\"da636bf\" data-element_type=\"container\" data-e-type=\"container\" data-settings=\"{&quot;background_background&quot;:&quot;classic&quot;}\">\n\t\t\t\t\t<div class=\"e-con-inner\">\n\t\t<div class=\"elementor-element elementor-element-732b1b9 e-con-full e-flex e-con e-child\" data-id=\"732b1b9\" data-element_type=\"container\" data-e-type=\"container\">\n\t\t\t\t<div class=\"elementor-element elementor-element-1e68421 elementor-widget elementor-widget-heading\" data-id=\"1e68421\" data-element_type=\"widget\" data-e-type=\"widget\" data-widget_type=\"heading.default\">\n\t\t\t\t<div class=\"elementor-widget-container\">\n\t\t\t\t\t<h2 class=\"elementor-heading-title elementor-size-default\">FORMULARIO<\/h2>\t\t\t\t<\/div>\n\t\t\t\t<\/div>\n\t\t\t\t<div class=\"elementor-element elementor-element-b7e95ab olab-contact-form elementor-button-align-start elementor-widget__width-initial elementor-widget elementor-widget-form\" data-id=\"b7e95ab\" data-element_type=\"widget\" data-e-type=\"widget\" data-settings=\"{&quot;step_next_label&quot;:&quot;Siguiente&quot;,&quot;step_previous_label&quot;:&quot;Anterior&quot;,&quot;button_width&quot;:&quot;100&quot;,&quot;step_type&quot;:&quot;number_text&quot;,&quot;step_icon_shape&quot;:&quot;circle&quot;}\" data-widget_type=\"form.default\">\n\t\t\t\t<div class=\"elementor-widget-container\">\n\t\t\t\t\t\t\t<form class=\"elementor-form\" method=\"post\" name=\"Nuevo formulario\" aria-label=\"Nuevo formulario\">\n\t\t\t<input type=\"hidden\" name=\"post_id\" value=\"22\"\/>\n\t\t\t<input type=\"hidden\" name=\"form_id\" value=\"b7e95ab\"\/>\n\t\t\t<input type=\"hidden\" name=\"referer_title\" value=\"Salitre Digital\" \/>\n\n\t\t\t\n\t\t\t<div class=\"elementor-form-fields-wrapper elementor-labels-above\">\n\t\t\t\t\t\t\t\t<div class=\"elementor-field-type-text elementor-field-group elementor-column elementor-field-group-name elementor-col-100\">\n\t\t\t\t\t\t\t\t\t\t\t\t\t<input size=\"1\" type=\"text\" name=\"form_fields[name]\" id=\"form-field-name\" class=\"elementor-field elementor-size-sm  elementor-field-textual\" placeholder=\"Nombre\">\n\t\t\t\t\t\t\t\t\t\t\t<\/div>\n\t\t\t\t\t\t\t\t<div class=\"elementor-field-type-email elementor-field-group elementor-column elementor-field-group-email elementor-col-100 elementor-field-required\">\n\t\t\t\t\t\t\t\t\t\t\t\t\t<input size=\"1\" type=\"email\" name=\"form_fields[email]\" id=\"form-field-email\" class=\"elementor-field elementor-size-sm  elementor-field-textual\" placeholder=\"Correo electr\u00f3nico\" required=\"required\">\n\t\t\t\t\t\t\t\t\t\t\t<\/div>\n\t\t\t\t\t\t\t\t<div class=\"elementor-field-type-tel elementor-field-group elementor-column elementor-field-group-field_f12bae0 elementor-col-100 elementor-field-required\">\n\t\t\t\t\t\t\t<input size=\"1\" type=\"tel\" name=\"form_fields[field_f12bae0]\" id=\"form-field-field_f12bae0\" class=\"elementor-field elementor-size-sm  elementor-field-textual\" placeholder=\"Tel\u00e9fono\" required=\"required\" pattern=\"[0-9()#&amp;+*-=.]+\" title=\"Only numbers and phone characters (#, -, *, etc) are accepted.\">\n\n\t\t\t\t\t\t<\/div>\n\t\t\t\t\t\t\t\t<div class=\"elementor-field-type-textarea elementor-field-group elementor-column elementor-field-group-message elementor-col-100\">\n\t\t\t\t\t<textarea class=\"elementor-field-textual elementor-field  elementor-size-sm\" name=\"form_fields[message]\" id=\"form-field-message\" rows=\"4\" placeholder=\"Proyecto\"><\/textarea>\t\t\t\t<\/div>\n\t\t\t\t\t\t\t\t<div class=\"elementor-field-type-text\">\n\t\t\t\t\t<input size=\"1\" type=\"text\" name=\"form_fields[field_8ad274f]\" id=\"form-field-field_8ad274f\" class=\"elementor-field elementor-size-sm \" style=\"display:none !important;\">\t\t\t\t<\/div>\n\t\t\t\t\t\t\t\t<div class=\"elementor-field-type-acceptance elementor-field-group elementor-column elementor-field-group-field_6e21b72 elementor-col-100\">\n\t\t\t\t\t\t\t<div class=\"elementor-field-subgroup\">\n\t\t\t<span class=\"elementor-field-option\">\n\t\t\t\t<input type=\"checkbox\" name=\"form_fields[field_6e21b72]\" id=\"form-field-field_6e21b72\" class=\"elementor-field elementor-size-sm  elementor-acceptance-field\">\n\t\t\t\t<label for=\"form-field-field_6e21b72\">Acepto la <a style=\"font-weight: 700; text-decoration: underline;\" href=\"\/politica-privacidad\">pol\u00edtica de privacidad<\/a><\/label>\t\t\t<\/span>\n\t\t<\/div>\n\t\t\t\t\t\t<\/div>\n\t\t\t\t\t\t\t\t<div class=\"elementor-field-type-recaptcha_v3 elementor-field-group elementor-column elementor-field-group-field_8f3bd63 elementor-col-100 recaptcha_v3-bottomright\">\n\t\t\t\t\t<div class=\"elementor-field\" id=\"form-field-field_8f3bd63\"><div class=\"elementor-g-recaptcha\" data-sitekey=\"6LfVpiYqAAAAADKlteEG-KRjeeywk0396aAjTScq\" data-type=\"v3\" data-action=\"Form\" data-badge=\"bottomright\" data-size=\"invisible\"><\/div><\/div>\t\t\t\t<\/div>\n\t\t\t\t\t\t\t\t<div class=\"elementor-field-group elementor-column elementor-field-type-submit elementor-col-100 e-form__buttons\">\n\t\t\t\t\t<button class=\"elementor-button elementor-size-sm\" type=\"submit\">\n\t\t\t\t\t\t<span class=\"elementor-button-content-wrapper\">\n\t\t\t\t\t\t\t\t\t\t\t\t\t\t\t\t\t\t\t\t\t\t<span class=\"elementor-button-text\">Enviar<\/span>\n\t\t\t\t\t\t\t\t\t\t\t\t\t<\/span>\n\t\t\t\t\t<\/button>\n\t\t\t\t<\/div>\n\t\t\t<\/div>\n\t\t<\/form>\n\t\t\t\t\t\t<\/div>\n\t\t\t\t<\/div>\n\t\t\t\t<\/div>\n\t\t\t\t<div class=\"elementor-element elementor-element-209209e elementor-view-default elementor-widget elementor-widget-icon\" data-id=\"209209e\" data-element_type=\"widget\" data-e-type=\"widget\" data-widget_type=\"icon.default\">\n\t\t\t\t<div class=\"elementor-widget-container\">\n\t\t\t\t\t\t\t<div class=\"elementor-icon-wrapper\">\n\t\t\t<div class=\"elementor-icon\">\n\t\t\t<svg xmlns=\"http:\/\/www.w3.org\/2000\/svg\" width=\"2\" height=\"518\" viewBox=\"0 0 2 518\" fill=\"none\"><path d=\"M1 518L0.999977 7.62939e-06\" stroke=\"white\"><\/path><\/svg>\t\t\t<\/div>\n\t\t<\/div>\n\t\t\t\t\t\t<\/div>\n\t\t\t\t<\/div>\n\t\t<div class=\"elementor-element elementor-element-238a396 e-con-full e-flex e-con e-child\" data-id=\"238a396\" data-element_type=\"container\" data-e-type=\"container\">\n\t\t\t\t<div class=\"elementor-element elementor-element-ea94ac2 elementor-widget elementor-widget-heading\" data-id=\"ea94ac2\" data-element_type=\"widget\" data-e-type=\"widget\" data-widget_type=\"heading.default\">\n\t\t\t\t<div class=\"elementor-widget-container\">\n\t\t\t\t\t<h2 class=\"elementor-heading-title elementor-size-default\">Consultor\u00eda SEO y Marketing de Contenido<\/h2>\t\t\t\t<\/div>\n\t\t\t\t<\/div>\n\t\t\t\t<div class=\"elementor-element elementor-element-3a11f1e elementor-widget__width-initial elementor-widget elementor-widget-text-editor\" data-id=\"3a11f1e\" data-element_type=\"widget\" data-e-type=\"widget\" data-widget_type=\"text-editor.default\">\n\t\t\t\t<div class=\"elementor-widget-container\">\n\t\t\t\t\t\t\t\t\t<p><a href=\"mailto:hola@salitredigital.com\">hola@salitredigital.com<\/a><\/p>\t\t\t\t\t\t\t\t<\/div>\n\t\t\t\t<\/div>\n\t\t\t\t<div class=\"elementor-element elementor-element-f6ec564 elementor-widget elementor-widget-heading\" data-id=\"f6ec564\" data-element_type=\"widget\" data-e-type=\"widget\" data-widget_type=\"heading.default\">\n\t\t\t\t<div class=\"elementor-widget-container\">\n\t\t\t\t\t<h2 class=\"elementor-heading-title elementor-size-default\">Localizaci\u00f3n<\/h2>\t\t\t\t<\/div>\n\t\t\t\t<\/div>\n\t\t\t\t<div class=\"elementor-element elementor-element-80f9d29 elementor-widget__width-initial elementor-widget elementor-widget-text-editor\" data-id=\"80f9d29\" data-element_type=\"widget\" data-e-type=\"widget\" data-widget_type=\"text-editor.default\">\n\t\t\t\t<div class=\"elementor-widget-container\">\n\t\t\t\t\t\t\t\t\t<p>Ofrecemos nuestros servicios a peque\u00f1asy grandes empresas que quieren posicionarse localmente y nacionalmente.&nbsp;<\/p>\t\t\t\t\t\t\t\t<\/div>\n\t\t\t\t<\/div>\n\t\t\t\t<\/div>\n\t\t\t\t\t<\/div>\n\t\t\t\t<\/div>\n\t\t\t\t<\/div>\n\t\t","protected":false},"excerpt":{"rendered":"<p>PIDE TU AUDITOR\u00cdA SEO O CONT\u00c1CTANOS PARA CUALQUIER DUDA WHATSAPP FORMULARIO Consultor\u00eda SEO y Marketing de Contenido hola@salitredigital.com Localizaci\u00f3n Ofrecemos nuestros servicios a peque\u00f1asy grandes empresas que quieren posicionarse localmente y nacionalmente.&nbsp;<\/p>","protected":false},"author":2,"featured_media":0,"parent":0,"menu_order":0,"comment_status":"closed","ping_status":"closed","template":"","meta":{"footnotes":""},"class_list":["post-22","page","type-page","status-publish","hentry"],"yoast_head":"<!-- This site is optimized with the Yoast SEO plugin v27.6 - https:\/\/yoast.com\/product\/yoast-seo-wordpress\/ -->\n<title>Contacto - Salitre Digital<\/title>\n<meta name=\"robots\" content=\"index, follow, max-snippet:-1, max-image-preview:large, max-video-preview:-1\" \/>\n<link rel=\"canonical\" href=\"https:\/\/salitredigital.com\/en\/contacto\/\" \/>\n<meta property=\"og:locale\" content=\"en_GB\" \/>\n<meta property=\"og:type\" content=\"article\" \/>\n<meta property=\"og:title\" content=\"Contacto - Salitre Digital\" \/>\n<meta property=\"og:description\" content=\"PIDE TU AUDITOR\u00cdA SEO O CONT\u00c1CTANOS PARA CUALQUIER DUDA WHATSAPP FORMULARIO Consultor\u00eda SEO y Marketing de Contenido hola@salitredigital.com Localizaci\u00f3n Ofrecemos nuestros servicios a peque\u00f1asy grandes empresas que quieren posicionarse localmente y nacionalmente.&nbsp;\" \/>\n<meta property=\"og:url\" content=\"https:\/\/salitredigital.com\/en\/contacto\/\" \/>\n<meta property=\"og:site_name\" content=\"Salitre Digital\" \/>\n<meta property=\"article:modified_time\" content=\"2024-08-28T11:04:41+00:00\" \/>\n<meta name=\"twitter:card\" content=\"summary_large_image\" \/>\n<script type=\"application\/ld+json\" class=\"yoast-schema-graph\">{\"@context\":\"https:\\\/\\\/schema.org\",\"@graph\":[{\"@type\":\"WebPage\",\"@id\":\"https:\\\/\\\/salitredigital.com\\\/contacto\\\/\",\"url\":\"https:\\\/\\\/salitredigital.com\\\/contacto\\\/\",\"name\":\"Contacto - Salitre Digital\",\"isPartOf\":{\"@id\":\"https:\\\/\\\/salitredigital.com\\\/#website\"},\"datePublished\":\"2024-07-31T08:43:16+00:00\",\"dateModified\":\"2024-08-28T11:04:41+00:00\",\"breadcrumb\":{\"@id\":\"https:\\\/\\\/salitredigital.com\\\/contacto\\\/#breadcrumb\"},\"inLanguage\":\"en-GB\",\"potentialAction\":[{\"@type\":\"ReadAction\",\"target\":[\"https:\\\/\\\/salitredigital.com\\\/contacto\\\/\"]}]},{\"@type\":\"BreadcrumbList\",\"@id\":\"https:\\\/\\\/salitredigital.com\\\/contacto\\\/#breadcrumb\",\"itemListElement\":[{\"@type\":\"ListItem\",\"position\":1,\"name\":\"Portada\",\"item\":\"https:\\\/\\\/salitredigital.com\\\/\"},{\"@type\":\"ListItem\",\"position\":2,\"name\":\"Contacto\"}]},{\"@type\":\"WebSite\",\"@id\":\"https:\\\/\\\/salitredigital.com\\\/#website\",\"url\":\"https:\\\/\\\/salitredigital.com\\\/\",\"name\":\"Salitre Digital\",\"description\":\"\",\"publisher\":{\"@id\":\"https:\\\/\\\/salitredigital.com\\\/#organization\"},\"potentialAction\":[{\"@type\":\"SearchAction\",\"target\":{\"@type\":\"EntryPoint\",\"urlTemplate\":\"https:\\\/\\\/salitredigital.com\\\/?s={search_term_string}\"},\"query-input\":{\"@type\":\"PropertyValueSpecification\",\"valueRequired\":true,\"valueName\":\"search_term_string\"}}],\"inLanguage\":\"en-GB\"},{\"@type\":\"Organization\",\"@id\":\"https:\\\/\\\/salitredigital.com\\\/#organization\",\"name\":\"Salitre Digital\",\"url\":\"https:\\\/\\\/salitredigital.com\\\/\",\"logo\":{\"@type\":\"ImageObject\",\"inLanguage\":\"en-GB\",\"@id\":\"https:\\\/\\\/salitredigital.com\\\/#\\\/schema\\\/logo\\\/image\\\/\",\"url\":\"https:\\\/\\\/salitredigital.com\\\/wp-content\\\/uploads\\\/2024\\\/07\\\/salitre-digital.svg\",\"contentUrl\":\"https:\\\/\\\/salitredigital.com\\\/wp-content\\\/uploads\\\/2024\\\/07\\\/salitre-digital.svg\",\"width\":219,\"height\":17,\"caption\":\"Salitre Digital\"},\"image\":{\"@id\":\"https:\\\/\\\/salitredigital.com\\\/#\\\/schema\\\/logo\\\/image\\\/\"}}]}<\/script>\n<!-- \/ Yoast SEO plugin. -->","yoast_head_json":{"title":"Contacto - Salitre Digital","robots":{"index":"index","follow":"follow","max-snippet":"max-snippet:-1","max-image-preview":"max-image-preview:large","max-video-preview":"max-video-preview:-1"},"canonical":"https:\/\/salitredigital.com\/en\/contacto\/","og_locale":"en_GB","og_type":"article","og_title":"Contacto - Salitre Digital","og_description":"PIDE TU AUDITOR\u00cdA SEO O CONT\u00c1CTANOS PARA CUALQUIER DUDA WHATSAPP FORMULARIO Consultor\u00eda SEO y Marketing de Contenido hola@salitredigital.com Localizaci\u00f3n Ofrecemos nuestros servicios a peque\u00f1asy grandes empresas que quieren posicionarse localmente y nacionalmente.&nbsp;","og_url":"https:\/\/salitredigital.com\/en\/contacto\/","og_site_name":"Salitre Digital","article_modified_time":"2024-08-28T11:04:41+00:00","twitter_card":"summary_large_image","schema":{"@context":"https:\/\/schema.org","@graph":[{"@type":"WebPage","@id":"https:\/\/salitredigital.com\/contacto\/","url":"https:\/\/salitredigital.com\/contacto\/","name":"Contacto - Salitre Digital","isPartOf":{"@id":"https:\/\/salitredigital.com\/#website"},"datePublished":"2024-07-31T08:43:16+00:00","dateModified":"2024-08-28T11:04:41+00:00","breadcrumb":{"@id":"https:\/\/salitredigital.com\/contacto\/#breadcrumb"},"inLanguage":"en-GB","potentialAction":[{"@type":"ReadAction","target":["https:\/\/salitredigital.com\/contacto\/"]}]},{"@type":"BreadcrumbList","@id":"https:\/\/salitredigital.com\/contacto\/#breadcrumb","itemListElement":[{"@type":"ListItem","position":1,"name":"Portada","item":"https:\/\/salitredigital.com\/"},{"@type":"ListItem","position":2,"name":"Contacto"}]},{"@type":"WebSite","@id":"https:\/\/salitredigital.com\/#website","url":"https:\/\/salitredigital.com\/","name":"Salitre Digital","description":"","publisher":{"@id":"https:\/\/salitredigital.com\/#organization"},"potentialAction":[{"@type":"SearchAction","target":{"@type":"EntryPoint","urlTemplate":"https:\/\/salitredigital.com\/?s={search_term_string}"},"query-input":{"@type":"PropertyValueSpecification","valueRequired":true,"valueName":"search_term_string"}}],"inLanguage":"en-GB"},{"@type":"Organization","@id":"https:\/\/salitredigital.com\/#organization","name":"Salitre Digital","url":"https:\/\/salitredigital.com\/","logo":{"@type":"ImageObject","inLanguage":"en-GB","@id":"https:\/\/salitredigital.com\/#\/schema\/logo\/image\/","url":"https:\/\/salitredigital.com\/wp-content\/uploads\/2024\/07\/salitre-digital.svg","contentUrl":"https:\/\/salitredigital.com\/wp-content\/uploads\/2024\/07\/salitre-digital.svg","width":219,"height":17,"caption":"Salitre Digital"},"image":{"@id":"https:\/\/salitredigital.com\/#\/schema\/logo\/image\/"}}]}},"_links":{"self":[{"href":"https:\/\/salitredigital.com\/en\/wp-json\/wp\/v2\/pages\/22","targetHints":{"allow":["GET"]}}],"collection":[{"href":"https:\/\/salitredigital.com\/en\/wp-json\/wp\/v2\/pages"}],"about":[{"href":"https:\/\/salitredigital.com\/en\/wp-json\/wp\/v2\/types\/page"}],"author":[{"embeddable":true,"href":"https:\/\/salitredigital.com\/en\/wp-json\/wp\/v2\/users\/2"}],"replies":[{"embeddable":true,"href":"https:\/\/salitredigital.com\/en\/wp-json\/wp\/v2\/comments?post=22"}],"version-history":[{"count":64,"href":"https:\/\/salitredigital.com\/en\/wp-json\/wp\/v2\/pages\/22\/revisions"}],"predecessor-version":[{"id":952,"href":"https:\/\/salitredigital.com\/en\/wp-json\/wp\/v2\/pages\/22\/revisions\/952"}],"wp:attachment":[{"href":"https:\/\/salitredigital.com\/en\/wp-json\/wp\/v2\/media?parent=22"}],"curies":[{"name":"wp","href":"https:\/\/api.w.org\/{rel}","templated":true}]}}